{"id":992,"date":"2020-03-18T06:51:35","date_gmt":"2020-03-18T06:51:35","guid":{"rendered":"http:\/\/wp.dynamiclayers.net\/struqta-import\/?page_id=992"},"modified":"2025-04-10T10:28:00","modified_gmt":"2025-04-10T10:28:00","slug":"sektoret","status":"publish","type":"page","link":"https:\/\/infrakonsult.al\/en\/sektoret\/","title":{"rendered":"Services"},"content":{"rendered":"<div data-elementor-type=\"wp-page\" data-elementor-id=\"992\" class=\"elementor elementor-992\" data-elementor-post-type=\"page\">\n\t\t\t\t\t\t<section class=\"elementor-section elementor-top-section elementor-element elementor-element-2d7c7b48 elementor-section-height-min-height elementor-section-boxed elementor-section-height-default elementor-section-items-middle\" data-id=\"2d7c7b48\" data-element_type=\"section\" data-e-type=\"section\" data-settings=\"{&quot;background_background&quot;:&quot;classic&quot;}\">\n\t\t\t\t\t\t\t<div class=\"elementor-background-overlay\"><\/div>\n\t\t\t\t\t\t\t<div class=\"elementor-container elementor-column-gap-default\">\n\t\t\t\t\t<div class=\"elementor-column elementor-col-100 elementor-top-column elementor-element elementor-element-4bd06f9e\" data-id=\"4bd06f9e\" data-element_type=\"column\" data-e-type=\"column\">\n\t\t\t<div class=\"elementor-widget-wrap elementor-element-populated\">\n\t\t\t\t\t\t<div class=\"elementor-element elementor-element-57604e3c elementor-widget elementor-widget-sc-heading\" data-id=\"57604e3c\" data-element_type=\"widget\" data-e-type=\"widget\" data-widget_type=\"sc-heading.default\">\n\t\t\t\t<div class=\"elementor-widget-container\">\n\t\t\t\t\t\t\t<div id=\"wt-at-57604e3c\" class=\"headng-wrap center\">\n\t\t\t<div class=\"section-heading\">\n\t\t\t\t\t\t\t\t\t\t\t<h2\t\t\t\t class=\"heading\"\t\t\t\t>SEKTOR\u00cbT<\/h2>\n\t\t\t\t\t\t\t\t\t\t\t<\/div>\n\t\t<\/div>\n\n\t\t\t\t\t<\/div>\n\t\t\t\t<\/div>\n\t\t\t\t\t<\/div>\n\t\t<\/div>\n\t\t\t\t\t<\/div>\n\t\t<\/section>\n\t\t\t\t<section class=\"elementor-section elementor-top-section elementor-element elementor-element-1582a21 elementor-section-boxed elementor-section-height-default elementor-section-height-default\" data-id=\"1582a21\" data-element_type=\"section\" data-e-type=\"section\">\n\t\t\t\t\t\t<div class=\"elementor-container elementor-column-gap-default\">\n\t\t\t\t\t<div class=\"elementor-column elementor-col-50 elementor-top-column elementor-element elementor-element-388458b\" data-id=\"388458b\" data-element_type=\"column\" data-e-type=\"column\">\n\t\t\t<div class=\"elementor-widget-wrap elementor-element-populated\">\n\t\t\t\t\t\t<div class=\"elementor-element elementor-element-50c6592 elementor-widget elementor-widget-sc-heading\" data-id=\"50c6592\" data-element_type=\"widget\" data-e-type=\"widget\" data-widget_type=\"sc-heading.default\">\n\t\t\t\t<div class=\"elementor-widget-container\">\n\t\t\t\t\t\t\t<div id=\"wt-at-50c6592\" class=\"headng-wrap left\">\n\t\t\t<div class=\"section-heading\">\n\t\t\t\t\t\t\t<h4\t\t\t\t class=\"sub-heading\"\t\t\t\t>\u00c7far\u00eb b\u00ebjm\u00eb ne:<\/h4>\n\t\t\t\t\t\t\t\t\t\t\t\t<h2\t\t\t\t class=\"heading\"\t\t\t\t>Studime fizibiliteti dhe dizajne t\u00eb detajuara.<br>K\u00ebshillim p\u00ebr kontrollin e kostos dhe sh\u00ebrbime.<\/h2>\n\t\t\t\t\t\t\t\t\t\t\t\t<p\t\t\t\t class=\"desc\"\t\t\t\t>Lorem ipsum dolor sit amet, consectetur adipiscing elit. Phasellus non dui sapien. Quisque faucibus viverra neque, eu posuere nunc euismod id. Nam sagittis luctus leo, id aliquam magna facilisis nec. <\/p>\n\t\t\t\t\t\t\t<\/div>\n\t\t<\/div>\n\n\t\t\t\t\t<\/div>\n\t\t\t\t<\/div>\n\t\t\t\t\t<\/div>\n\t\t<\/div>\n\t\t\t\t<div class=\"elementor-column elementor-col-50 elementor-top-column elementor-element elementor-element-c7ff1fc\" data-id=\"c7ff1fc\" data-element_type=\"column\" data-e-type=\"column\">\n\t\t\t<div class=\"elementor-widget-wrap elementor-element-populated\">\n\t\t\t\t\t\t<div class=\"elementor-element elementor-element-544abd0 elementor-widget elementor-widget-spacer\" data-id=\"544abd0\" data-element_type=\"widget\" data-e-type=\"widget\" data-widget_type=\"spacer.default\">\n\t\t\t\t<div class=\"elementor-widget-container\">\n\t\t\t\t\t\t\t<div class=\"elementor-spacer\">\n\t\t\t<div class=\"elementor-spacer-inner\"><\/div>\n\t\t<\/div>\n\t\t\t\t\t\t<\/div>\n\t\t\t\t<\/div>\n\t\t\t\t\t<\/div>\n\t\t<\/div>\n\t\t\t\t\t<\/div>\n\t\t<\/section>\n\t\t\t\t<section class=\"elementor-section elementor-top-section elementor-element elementor-element-6196b6a elementor-section-boxed elementor-section-height-default elementor-section-height-default\" data-id=\"6196b6a\" data-element_type=\"section\" data-e-type=\"section\" data-settings=\"{&quot;background_background&quot;:&quot;classic&quot;}\">\n\t\t\t\t\t\t<div class=\"elementor-container elementor-column-gap-default\">\n\t\t\t\t\t<div class=\"elementor-column elementor-col-100 elementor-top-column elementor-element elementor-element-7e5c267\" data-id=\"7e5c267\" data-element_type=\"column\" data-e-type=\"column\">\n\t\t\t<div class=\"elementor-widget-wrap elementor-element-populated\">\n\t\t\t\t\t\t<section class=\"elementor-section elementor-inner-section elementor-element elementor-element-34598c5 elementor-section-boxed elementor-section-height-default elementor-section-height-default\" data-id=\"34598c5\" data-element_type=\"section\" data-e-type=\"section\">\n\t\t\t\t\t\t<div class=\"elementor-container elementor-column-gap-default\">\n\t\t\t\t\t<div class=\"elementor-column elementor-col-33 elementor-inner-column elementor-element elementor-element-3030caf\" data-id=\"3030caf\" data-element_type=\"column\" data-e-type=\"column\">\n\t\t\t<div class=\"elementor-widget-wrap\">\n\t\t\t\t\t\t\t<\/div>\n\t\t<\/div>\n\t\t\t\t<div class=\"elementor-column elementor-col-33 elementor-inner-column elementor-element elementor-element-c9cdad9\" data-id=\"c9cdad9\" data-element_type=\"column\" data-e-type=\"column\">\n\t\t\t<div class=\"elementor-widget-wrap elementor-element-populated\">\n\t\t\t\t\t\t<div class=\"elementor-element elementor-element-e79e6a3 elementor-invisible elementor-widget elementor-widget-sc-heading\" data-id=\"e79e6a3\" data-element_type=\"widget\" data-e-type=\"widget\" data-settings=\"{&quot;_animation&quot;:&quot;fadeInUp&quot;}\" data-widget_type=\"sc-heading.default\">\n\t\t\t\t<div class=\"elementor-widget-container\">\n\t\t\t\t\t\t\t<div id=\"wt-at-e79e6a3\" class=\"headng-wrap center\">\n\t\t\t<div class=\"section-heading\">\n\t\t\t\t\t\t\t<h4\t\t\t\t class=\"sub-heading\"\t\t\t\t>Sektor\u00ebt<\/h4>\n\t\t\t\t\t\t\t\t\t\t\t\t<h2\t\t\t\t class=\"heading\"\t\t\t\t>Eksploroni sh\u00ebrbimet m\u00eb t\u00eb fundit n\u00eb \u00e7do sektor<\/h2>\n\t\t\t\t\t\t\t\t\t\t\t<\/div>\n\t\t<\/div>\n\n\t\t\t\t\t<\/div>\n\t\t\t\t<\/div>\n\t\t\t\t\t<\/div>\n\t\t<\/div>\n\t\t\t\t<div class=\"elementor-column elementor-col-33 elementor-inner-column elementor-element elementor-element-5ad5dba\" data-id=\"5ad5dba\" data-element_type=\"column\" data-e-type=\"column\">\n\t\t\t<div class=\"elementor-widget-wrap\">\n\t\t\t\t\t\t\t<\/div>\n\t\t<\/div>\n\t\t\t\t\t<\/div>\n\t\t<\/section>\n\t\t\t\t<div class=\"elementor-element elementor-element-6999e88 wt-align-center elementor-widget elementor-widget-sc_button\" data-id=\"6999e88\" data-element_type=\"widget\" data-e-type=\"widget\" data-widget_type=\"sc_button.default\">\n\t\t\t\t<div class=\"elementor-widget-container\">\n\t\t\t\t\t\t\t<div id=\"wt-at-6999e88\" class=\"wt-button-wrap\">\n\t\t\t<a class=\"wt-btn\" href=\"https:\/\/infrakonsult.al\/en\/projektime\/\" rel=\"nofollow\"><span >Projektet<\/span><\/a>\t\t<\/div>\n\n\t\t\t\t\t<\/div>\n\t\t\t\t<\/div>\n\t\t\t\t<section class=\"elementor-section elementor-inner-section elementor-element elementor-element-ba772dd elementor-section-boxed elementor-section-height-default elementor-section-height-default\" data-id=\"ba772dd\" data-element_type=\"section\" data-e-type=\"section\">\n\t\t\t\t\t\t<div class=\"elementor-container elementor-column-gap-default\">\n\t\t\t\t\t<div class=\"elementor-column elementor-col-50 elementor-inner-column elementor-element elementor-element-9b1cfe5\" data-id=\"9b1cfe5\" data-element_type=\"column\" data-e-type=\"column\">\n\t\t\t<div class=\"elementor-widget-wrap elementor-element-populated\">\n\t\t\t\t\t\t<div class=\"elementor-element elementor-element-54d95a0 dl-align-center elementor-invisible elementor-widget elementor-widget-sc_promo_box\" data-id=\"54d95a0\" data-element_type=\"widget\" data-e-type=\"widget\" data-settings=\"{&quot;_animation&quot;:&quot;fadeInUp&quot;,&quot;_animation_delay&quot;:&quot;200&quot;,&quot;dl_content_align&quot;:&quot;center&quot;}\" data-widget_type=\"sc_promo_box.default\">\n\t\t\t\t<div class=\"elementor-widget-container\">\n\t\t\t\t\t\t\t<div class=\"dl-promo-item\">\n\t\t\t<div class=\"promo-icon\"><i class=\"dl dl-conveyor-6\"><\/i><\/div>\t\t\t<h3 class=\"heading\">DESIGNS<\/h3>\t\t\t<p class=\"desc\">Ne hartojme ,ideojme dhe realizojme projekte te ndryshme ne cdo kohe .\n<br>\n<\/p>\t\t\t\t\t\t\t<a href=\"https:\/\/infrakonsult.al\/en\/projektime\/\"   rel=\"nofollow\" class=\"read-more\">Our Works<\/a>\n\t\t\t\t\t\t<div class=\"overlay-icon\"><i class=\"dl dl-conveyor-6\"><\/i><\/div>\t\t<\/div>\n\t\t\t\t\t<\/div>\n\t\t\t\t<\/div>\n\t\t\t\t\t<\/div>\n\t\t<\/div>\n\t\t\t\t<div class=\"elementor-column elementor-col-50 elementor-inner-column elementor-element elementor-element-a7a534d\" data-id=\"a7a534d\" data-element_type=\"column\" data-e-type=\"column\">\n\t\t\t<div class=\"elementor-widget-wrap elementor-element-populated\">\n\t\t\t\t\t\t<div class=\"elementor-element elementor-element-e62a4d1 dl-align-center elementor-invisible elementor-widget elementor-widget-sc_promo_box\" data-id=\"e62a4d1\" data-element_type=\"widget\" data-e-type=\"widget\" data-settings=\"{&quot;_animation&quot;:&quot;fadeInUp&quot;,&quot;_animation_delay&quot;:&quot;200&quot;,&quot;dl_content_align&quot;:&quot;center&quot;}\" data-widget_type=\"sc_promo_box.default\">\n\t\t\t\t<div class=\"elementor-widget-container\">\n\t\t\t\t\t\t\t<div class=\"dl-promo-item\">\n\t\t\t<div class=\"promo-icon\"><i class=\"dl dl-worker-4\"><\/i><\/div>\t\t\t<h3 class=\"heading\">SUPERVISIONS<\/h3>\t\t\t<p class=\"desc\">Ne arrijme te realizojme ne kohe dhe te sakte punimet tona ne cdo kohe.\n<br>\n<\/p>\t\t\t\t\t\t\t<a href=\"https:\/\/infrakonsult.al\/en\/sektoret\/supervizione\/\"   rel=\"nofollow\" class=\"read-more\">results<\/a>\n\t\t\t\t\t\t<div class=\"overlay-icon\"><i class=\"dl dl-worker-4\"><\/i><\/div>\t\t<\/div>\n\t\t\t\t\t<\/div>\n\t\t\t\t<\/div>\n\t\t\t\t\t<\/div>\n\t\t<\/div>\n\t\t\t\t\t<\/div>\n\t\t<\/section>\n\t\t\t\t\t<\/div>\n\t\t<\/div>\n\t\t\t\t\t<\/div>\n\t\t<\/section>\n\t\t\t\t<section class=\"elementor-section elementor-top-section elementor-element elementor-element-6623d33 elementor-section-boxed elementor-section-height-default elementor-section-height-default\" data-id=\"6623d33\" data-element_type=\"section\" data-e-type=\"section\">\n\t\t\t\t\t\t<div class=\"elementor-container elementor-column-gap-default\">\n\t\t\t\t\t<div class=\"elementor-column elementor-col-100 elementor-top-column elementor-element elementor-element-b650caf\" data-id=\"b650caf\" data-element_type=\"column\" data-e-type=\"column\">\n\t\t\t<div class=\"elementor-widget-wrap elementor-element-populated\">\n\t\t\t\t\t\t<section class=\"elementor-section elementor-inner-section elementor-element elementor-element-e18c22c elementor-section-boxed elementor-section-height-default elementor-section-height-default\" data-id=\"e18c22c\" data-element_type=\"section\" data-e-type=\"section\">\n\t\t\t\t\t\t<div class=\"elementor-container elementor-column-gap-default\">\n\t\t\t\t\t<div class=\"elementor-column elementor-col-50 elementor-inner-column elementor-element elementor-element-1493ff4\" data-id=\"1493ff4\" data-element_type=\"column\" data-e-type=\"column\">\n\t\t\t<div class=\"elementor-widget-wrap elementor-element-populated\">\n\t\t\t\t\t\t<div class=\"elementor-element elementor-element-1ad3f29 elementor-widget elementor-widget-spacer\" data-id=\"1ad3f29\" data-element_type=\"widget\" data-e-type=\"widget\" data-widget_type=\"spacer.default\">\n\t\t\t\t<div class=\"elementor-widget-container\">\n\t\t\t\t\t\t\t<div class=\"elementor-spacer\">\n\t\t\t<div class=\"elementor-spacer-inner\"><\/div>\n\t\t<\/div>\n\t\t\t\t\t\t<\/div>\n\t\t\t\t<\/div>\n\t\t\t\t<div class=\"elementor-element elementor-element-2f510ebb elementor-position-inline-start elementor-view-default elementor-mobile-position-block-start elementor-invisible elementor-widget elementor-widget-icon-box\" data-id=\"2f510ebb\" data-element_type=\"widget\" data-e-type=\"widget\" data-settings=\"{&quot;_animation&quot;:&quot;fadeInUp&quot;,&quot;_animation_delay&quot;:&quot;200&quot;}\" data-widget_type=\"icon-box.default\">\n\t\t\t\t<div class=\"elementor-widget-container\">\n\t\t\t\t\t\t\t<div class=\"elementor-icon-box-wrapper\">\n\n\t\t\t\t\t\t<div class=\"elementor-icon-box-icon\">\n\t\t\t\t<span  class=\"elementor-icon\">\n\t\t\t\t<i aria-hidden=\"true\" class=\"dl dl-industrial-robot-13\"><\/i>\t\t\t\t<\/span>\n\t\t\t<\/div>\n\t\t\t\n\t\t\t\t\t\t<div class=\"elementor-icon-box-content\">\n\n\t\t\t\t\t\t\t\t\t<h3 class=\"elementor-icon-box-title\">\n\t\t\t\t\t\t<span  >\n\t\t\t\t\t\t\tInxhiniere t\u00eb <br>Kualifikuar\t\t\t\t\t\t<\/span>\n\t\t\t\t\t<\/h3>\n\t\t\t\t\n\t\t\t\t\t\t\t\t\t<p class=\"elementor-icon-box-description\">\n\t\t\t\t\t\tNe jemi nj\u00eb partner i besuesh\u00ebm p\u00ebr klient\u00ebt tan\u00eb gjat\u00eb prokurimit dhe mbik\u00ebqyrjes s\u00eb nd\u00ebrtimit.\t\t\t\t\t<\/p>\n\t\t\t\t\n\t\t\t<\/div>\n\t\t\t\n\t\t<\/div>\n\t\t\t\t\t\t<\/div>\n\t\t\t\t<\/div>\n\t\t\t\t<div class=\"elementor-element elementor-element-3e45817f elementor-position-inline-start elementor-view-default elementor-mobile-position-block-start elementor-invisible elementor-widget elementor-widget-icon-box\" data-id=\"3e45817f\" data-element_type=\"widget\" data-e-type=\"widget\" data-settings=\"{&quot;_animation&quot;:&quot;fadeInUp&quot;,&quot;_animation_delay&quot;:&quot;600&quot;}\" data-widget_type=\"icon-box.default\">\n\t\t\t\t<div class=\"elementor-widget-container\">\n\t\t\t\t\t\t\t<div class=\"elementor-icon-box-wrapper\">\n\n\t\t\t\t\t\t<div class=\"elementor-icon-box-icon\">\n\t\t\t\t<span  class=\"elementor-icon\">\n\t\t\t\t<i aria-hidden=\"true\" class=\"dl dl-industrial-robot-8\"><\/i>\t\t\t\t<\/span>\n\t\t\t<\/div>\n\t\t\t\n\t\t\t\t\t\t<div class=\"elementor-icon-box-content\">\n\n\t\t\t\t\t\t\t\t\t<h3 class=\"elementor-icon-box-title\">\n\t\t\t\t\t\t<span  >\n\t\t\t\t\t\t\tMbikqyrje dhe <br> Kouladim\t\t\t\t\t\t<\/span>\n\t\t\t\t\t<\/h3>\n\t\t\t\t\n\t\t\t\t\t\t\t\t\t<p class=\"elementor-icon-box-description\">\n\t\t\t\t\t\tNe jemi ekspert\u00eb n\u00eb kontrollin e kostos, pretendimet dhe menaxhimin e projekteve, k\u00ebshillimin e sh\u00ebrbimeve dhe trajnimin e stafit t\u00eb klient\u00ebve tan\u00eb. \t\t\t\t\t<\/p>\n\t\t\t\t\n\t\t\t<\/div>\n\t\t\t\n\t\t<\/div>\n\t\t\t\t\t\t<\/div>\n\t\t\t\t<\/div>\n\t\t\t\t<div class=\"elementor-element elementor-element-6eb1da79 elementor-position-inline-start elementor-view-default elementor-mobile-position-block-start elementor-invisible elementor-widget elementor-widget-icon-box\" data-id=\"6eb1da79\" data-element_type=\"widget\" data-e-type=\"widget\" data-settings=\"{&quot;_animation&quot;:&quot;fadeInUp&quot;,&quot;_animation_delay&quot;:&quot;400&quot;}\" data-widget_type=\"icon-box.default\">\n\t\t\t\t<div class=\"elementor-widget-container\">\n\t\t\t\t\t\t\t<div class=\"elementor-icon-box-wrapper\">\n\n\t\t\t\t\t\t<div class=\"elementor-icon-box-icon\">\n\t\t\t\t<span  class=\"elementor-icon\">\n\t\t\t\t<i aria-hidden=\"true\" class=\"dl dl-conveyor-6\"><\/i>\t\t\t\t<\/span>\n\t\t\t<\/div>\n\t\t\t\n\t\t\t\t\t\t<div class=\"elementor-icon-box-content\">\n\n\t\t\t\t\n\t\t\t\t\t\t\t\t\t<p class=\"elementor-icon-box-description\">\n\t\t\t\t\t\tNe menaxhojm\u00eb nj\u00eb num\u00ebr t\u00eb madh projektesh t\u00eb vogla, t\u00eb mesme dhe t\u00eb m\u00ebdha p\u00ebr programe zhvillimi. \nOfrimi i sh\u00ebrbimeve tona n\u00eb p\u00ebrputhje me standardet m\u00eb t\u00eb larta nd\u00ebrkomb\u00ebtare dhe t\u00eb p\u00ebrshtatura me k\u00ebrkesat rajonale, \u00ebsht\u00eb angazhimi yn\u00eb.\t\t\t\t\t<\/p>\n\t\t\t\t\n\t\t\t<\/div>\n\t\t\t\n\t\t<\/div>\n\t\t\t\t\t\t<\/div>\n\t\t\t\t<\/div>\n\t\t\t\t<div class=\"elementor-element elementor-element-2f758de elementor-widget elementor-widget-eael-content-ticker\" data-id=\"2f758de\" data-element_type=\"widget\" data-e-type=\"widget\" data-widget_type=\"eael-content-ticker.default\">\n\t\t\t\t<div class=\"elementor-widget-container\">\n\t\t\t\t\t<div class=\"eael-ticker-wrap\" id=\"eael-ticker-wrap-2f758de\"><div class=\"ticker-badge\">\n                    <span>All Project<\/span>\n                <\/div><div class=\"eael-ticker\">\n                <div class=\"swiper swiper-8 eael-content-ticker swiper-container-2f758de\" data-pagination=\".swiper-pagination-2f758de\" data-arrow-next=\".swiper-button-next-2f758de\" data-arrow-prev=\".swiper-button-prev-2f758de\" data-effect=\"slide\" data-speed=\"400\" data-autoplay=\"2000\" data-pause-on-hover=\"true\" data-loop=\"1\" data-arrows=\"1\">\n                    <div class=\"swiper-wrapper\"><\/div>\n\t\t\t\t<\/div> <div class=\"content-ticker-pagination\"><div class=\"swiper-button-next swiper-button-next-2f758de\"><i class=\"fas fa-angle-right\"><\/i><\/div><div class=\"swiper-button-prev swiper-button-prev-2f758de\"><i class=\"fas fa-angle-left\"><\/i><\/div><\/div><\/div>\n\t\t<\/div>\t\t\t\t<\/div>\n\t\t\t\t<\/div>\n\t\t\t\t\t<\/div>\n\t\t<\/div>\n\t\t\t\t<div class=\"elementor-column elementor-col-50 elementor-inner-column elementor-element elementor-element-5189be3\" data-id=\"5189be3\" data-element_type=\"column\" data-e-type=\"column\">\n\t\t\t<div class=\"elementor-widget-wrap\">\n\t\t\t\t\t\t\t<\/div>\n\t\t<\/div>\n\t\t\t\t\t<\/div>\n\t\t<\/section>\n\t\t\t\t\t<\/div>\n\t\t<\/div>\n\t\t\t\t\t<\/div>\n\t\t<\/section>\n\t\t\t\t<section class=\"elementor-section elementor-top-section elementor-element elementor-element-8a6cad1 elementor-section-boxed elementor-section-height-default elementor-section-height-default\" data-id=\"8a6cad1\" data-element_type=\"section\" data-e-type=\"section\" data-settings=\"{&quot;background_background&quot;:&quot;classic&quot;}\">\n\t\t\t\t\t\t<div class=\"elementor-container elementor-column-gap-default\">\n\t\t\t\t\t<div class=\"elementor-column elementor-col-100 elementor-top-column elementor-element elementor-element-1b80ca7\" data-id=\"1b80ca7\" data-element_type=\"column\" data-e-type=\"column\">\n\t\t\t<div class=\"elementor-widget-wrap elementor-element-populated\">\n\t\t\t\t\t\t<div class=\"elementor-element elementor-element-fccdecd dl-align-center elementor-widget elementor-widget-sc_working_process\" data-id=\"fccdecd\" data-element_type=\"widget\" data-e-type=\"widget\" data-settings=\"{&quot;dl_content_align&quot;:&quot;center&quot;,&quot;dl_col_desktop&quot;:&quot;col-lg-4&quot;,&quot;dl_col_tablet&quot;:&quot;col-md-6&quot;,&quot;dl_col_mobile&quot;:&quot;col-sm-6&quot;}\" data-widget_type=\"sc_working_process.default\">\n\t\t\t\t<div class=\"elementor-widget-container\">\n\t\t\t\t\t\t\t<div class=\"process-items row\">\n\t\t\t\t\t\t<div class=\"single-working-process col-lg-4 col-md-6 col-sm-6 elementor-repeater-item-0bf6e2f gutter\">\n\t\t\t\t<div class=\"working-process-box\">\n\t\t\t\t\t<div class=\"arrow arrow-down\"><\/div>\t\t\t\t\t<div class=\"icon-box\">\n\t\t\t\t\t\t<i class=\"dl dl-industrial-robot-18\"><\/i><span>1<\/span>\t\t\t\t\t<\/div>\n\t\t\t\t\t\t\t\t\t\t<div class=\"content-box\">\n\t\t\t\t\t\t<h3 class=\"heading\">Quality<\/h3><p class=\"desc\">Lorem ipsum dolor sit amet, consectetur adipiscing elit. Phasellus non dui sapien.<\/p>\t\t\t\t\t<\/div>\n\t\t\t\t\t\t\t\t\t<\/div>\n\t\t\t<\/div>\n\t\t\t\t\t<div class=\"single-working-process col-lg-4 col-md-6 col-sm-6 elementor-repeater-item-97c8059 gutter\">\n\t\t\t\t<div class=\"working-process-box\">\n\t\t\t\t\t<div class=\"arrow arrow-up\"><\/div>\t\t\t\t\t<div class=\"icon-box\">\n\t\t\t\t\t\t<i class=\"dl dl-tanks-2\"><\/i><span>2<\/span>\t\t\t\t\t<\/div>\n\t\t\t\t\t\t\t\t\t\t<div class=\"content-box\">\n\t\t\t\t\t\t<h3 class=\"heading\">Environment<\/h3><p class=\"desc\">Lorem ipsum dolor sit amet, consectetur adipiscing elit. Phasellus non dui sapien.<\/p>\t\t\t\t\t<\/div>\n\t\t\t\t\t\t\t\t\t<\/div>\n\t\t\t<\/div>\n\t\t\t\t\t<div class=\"single-working-process col-lg-4 col-md-6 col-sm-6 elementor-repeater-item-b0cc905 gutter\">\n\t\t\t\t<div class=\"working-process-box\">\n\t\t\t\t\t\t\t\t\t\t<div class=\"icon-box\">\n\t\t\t\t\t\t<i class=\"dl dl-industrial-robot-9\"><\/i><span>3<\/span>\t\t\t\t\t<\/div>\n\t\t\t\t\t\t\t\t\t\t<div class=\"content-box\">\n\t\t\t\t\t\t<h3 class=\"heading\">Safety at work<\/h3><p class=\"desc\">Lorem ipsum dolor sit amet, consectetur adipiscing elit. Phasellus non dui sapien.<\/p>\t\t\t\t\t<\/div>\n\t\t\t\t\t\t\t\t\t<\/div>\n\t\t\t<\/div>\n\t\t\t\t<\/div>\n\t\t\t\t\t<\/div>\n\t\t\t\t<\/div>\n\t\t\t\t\t<\/div>\n\t\t<\/div>\n\t\t\t\t\t<\/div>\n\t\t<\/section>\n\t\t\t\t<\/div>","protected":false},"excerpt":{"rendered":"<p>SEKTOR\u00cbT \u00c7far\u00eb b\u00ebjm\u00eb ne: Studime fizibiliteti dhe dizajne t\u00eb detajuara.K\u00ebshillim p\u00ebr kontrollin e kostos dhe sh\u00ebrbime. Lorem ipsum dolor sit amet, consectetur adipiscing elit. Phasellus non dui sapien. Quisque faucibus viverra neque, eu posuere nunc euismod id. Nam sagittis luctus leo, id aliquam magna facilisis nec. Sektor\u00ebt Eksploroni sh\u00ebrbimet m\u00eb t\u00eb fundit n\u00eb \u00e7do sektor<\/p>","protected":false},"author":1,"featured_media":0,"parent":0,"menu_order":0,"comment_status":"closed","ping_status":"closed","template":"empty-template.php","meta":{"_acf_changed":false,"footnotes":""},"class_list":["post-992","page","type-page","status-publish","hentry"],"acf":[],"_links":{"self":[{"href":"https:\/\/infrakonsult.al\/en\/wp-json\/wp\/v2\/pages\/992","targetHints":{"allow":["GET"]}}],"collection":[{"href":"https:\/\/infrakonsult.al\/en\/wp-json\/wp\/v2\/pages"}],"about":[{"href":"https:\/\/infrakonsult.al\/en\/wp-json\/wp\/v2\/types\/page"}],"author":[{"embeddable":true,"href":"https:\/\/infrakonsult.al\/en\/wp-json\/wp\/v2\/users\/1"}],"replies":[{"embeddable":true,"href":"https:\/\/infrakonsult.al\/en\/wp-json\/wp\/v2\/comments?post=992"}],"version-history":[{"count":25,"href":"https:\/\/infrakonsult.al\/en\/wp-json\/wp\/v2\/pages\/992\/revisions"}],"predecessor-version":[{"id":2764,"href":"https:\/\/infrakonsult.al\/en\/wp-json\/wp\/v2\/pages\/992\/revisions\/2764"}],"wp:attachment":[{"href":"https:\/\/infrakonsult.al\/en\/wp-json\/wp\/v2\/media?parent=992"}],"curies":[{"name":"wp","href":"https:\/\/api.w.org\/{rel}","templated":true}]}}