{"id":3506,"date":"2025-04-30T09:33:54","date_gmt":"2025-04-30T09:33:54","guid":{"rendered":"https:\/\/infrakonsult.al\/?page_id=3506"},"modified":"2025-04-30T09:39:05","modified_gmt":"2025-04-30T09:39:05","slug":"aeroporte","status":"publish","type":"page","link":"https:\/\/infrakonsult.al\/en\/aeroporte\/","title":{"rendered":"Airports"},"content":{"rendered":"<div data-elementor-type=\"wp-page\" data-elementor-id=\"3506\" class=\"elementor elementor-3506\" data-elementor-post-type=\"page\">\n\t\t\t\t\t\t<section class=\"elementor-section elementor-top-section elementor-element elementor-element-f830aa5 elementor-section-boxed elementor-section-height-default elementor-section-height-default\" data-id=\"f830aa5\" data-element_type=\"section\" data-e-type=\"section\" data-settings=\"{&quot;background_background&quot;:&quot;classic&quot;}\">\n\t\t\t\t\t\t<div class=\"elementor-container elementor-column-gap-default\">\n\t\t\t\t\t<div class=\"elementor-column elementor-col-100 elementor-top-column elementor-element elementor-element-380c02b\" data-id=\"380c02b\" data-element_type=\"column\" data-e-type=\"column\">\n\t\t\t<div class=\"elementor-widget-wrap elementor-element-populated\">\n\t\t\t\t\t\t<div class=\"elementor-element elementor-element-8e78445 elementor-widget elementor-widget-heading\" data-id=\"8e78445\" data-element_type=\"widget\" data-e-type=\"widget\" data-widget_type=\"heading.default\">\n\t\t\t\t<div class=\"elementor-widget-container\">\n\t\t\t\t\t<h2 class=\"elementor-heading-title elementor-size-default\">Airports<\/h2>\t\t\t\t<\/div>\n\t\t\t\t<\/div>\n\t\t\t\t\t<\/div>\n\t\t<\/div>\n\t\t\t\t\t<\/div>\n\t\t<\/section>\n\t\t\t\t<section class=\"elementor-section elementor-top-section elementor-element elementor-element-247e447 elementor-section-boxed elementor-section-height-default elementor-section-height-default\" data-id=\"247e447\" data-element_type=\"section\" data-e-type=\"section\">\n\t\t\t\t\t\t<div class=\"elementor-container elementor-column-gap-default\">\n\t\t\t\t\t<div class=\"elementor-column elementor-col-100 elementor-top-column elementor-element elementor-element-2e4ca93\" data-id=\"2e4ca93\" data-element_type=\"column\" data-e-type=\"column\">\n\t\t\t<div class=\"elementor-widget-wrap elementor-element-populated\">\n\t\t\t\t\t\t<div class=\"elementor-element elementor-element-ba92cca elementor-widget elementor-widget-sc-blog\" data-id=\"ba92cca\" data-element_type=\"widget\" data-e-type=\"widget\" data-widget_type=\"sc-blog.default\">\n\t\t\t\t<div class=\"elementor-widget-container\">\n\t\t\t\t\t\n\t\t\n\t\t<div class=\"el-blog-posts\" data-masonry=\"{&quot;percentPosition&quot;: true }\">\n\n\t\t\n\t\t\t<article class=\"blog-post post-3194 post type-post status-publish format-standard hentry category-aeroporte category-projektime-sq\" id=\"post-3194\">\n\t\t\t\t<div class=\"blog-post-inner\">\n\t\t\t\t\t<div class=\"entry_thumb\">\n\t\t\t\t\t\t<a href=\"https:\/\/infrakonsult.al\/en\/projektimi-i-detajuar-per-rrugen-ndihmese-alpha-800-metra-lineare-ne-aeroportin-nderkombetar-te-tiranes\/\" class=\"entry_thumb-link\">\n\t\t\t\t\t\t\t\t\t\t\t\t\t<\/a>\n\t\t\t\t\t<\/div>\n\n\t\t\t\t\t<div class=\"entry_text\">\n\t\t\t\t\t\t<div class=\"entry_header\">\n\t\t\t\t\t\t\t\t\t\t\t\t\t\t<div class=\"meta-info show\">\n\t\t\t\t\t\t\t<a href=\"https:\/\/infrakonsult.al\/en\/category\/projektime-sq\/aeroporte\/\" class=\"post-cat\">Airports<\/a>\t\t\t\t\t\t\t<\/div>\n\t\t\t\t\t\t\t\t\t\t\t\t\t\t<h2 class=\"entry_title\"><a href=\"https:\/\/infrakonsult.al\/en\/projektimi-i-detajuar-per-rrugen-ndihmese-alpha-800-metra-lineare-ne-aeroportin-nderkombetar-te-tiranes\/\" rel=\"bookmark\">Detailed Design for Taxiway Alpha ( 800ml ) at Tirana International Airport<\/a><\/h2>\t\t\t\t\t\t<\/div>\n\t\t\t\t\t\t\t\t\t\t\t\t<div class=\"entry-excerpt\">\n\t\t\t\t\t\t\tDetailed Design for the Alpha Auxiliary Road (800 linear meters) at Tirana International Airport. Company: InfraKonsult Investor:...\t\t\t\t\t\t<\/div><!-- .entry-content -->\n\t\t\t\t\t\t\t\t\t\t\t\t\t\t\t\t\t\t<a href=\"https:\/\/infrakonsult.al\/en\/projektimi-i-detajuar-per-rrugen-ndihmese-alpha-800-metra-lineare-ne-aeroportin-nderkombetar-te-tiranes\/\" class=\"readmore\">\n\t\t\t\t\t\t\t<span class=\"dl-arrow left\"><\/span>\n\t\t\t\t\t\t\t<span class=\"dl-text\">Read More<\/span>\n\t\t\t\t\t\t\t<span class=\"dl-arrow right\"><\/span>\n\t\t\t\t\t\t<\/a>\n\t\t\t\t\t\t\t\t\t\t\t<\/div>\n\t\t\t\t<\/div>\n\t\t\t<\/article> <!-- #post-## -->\n\n\t\t\t\n\t\t\t<article class=\"blog-post post-3190 post type-post status-publish format-standard hentry category-aeroporte category-projektime-sq\" id=\"post-3190\">\n\t\t\t\t<div class=\"blog-post-inner\">\n\t\t\t\t\t<div class=\"entry_thumb\">\n\t\t\t\t\t\t<a href=\"https:\/\/infrakonsult.al\/en\/projektimi-i-4-aproneve-ne-veri-perendim-te-aeroportit-nderkombetar-te-tiranes\/\" class=\"entry_thumb-link\">\n\t\t\t\t\t\t\t\t\t\t\t\t\t<\/a>\n\t\t\t\t\t<\/div>\n\n\t\t\t\t\t<div class=\"entry_text\">\n\t\t\t\t\t\t<div class=\"entry_header\">\n\t\t\t\t\t\t\t\t\t\t\t\t\t\t<div class=\"meta-info show\">\n\t\t\t\t\t\t\t<a href=\"https:\/\/infrakonsult.al\/en\/category\/projektime-sq\/aeroporte\/\" class=\"post-cat\">Airports<\/a>\t\t\t\t\t\t\t<\/div>\n\t\t\t\t\t\t\t\t\t\t\t\t\t\t<h2 class=\"entry_title\"><a href=\"https:\/\/infrakonsult.al\/en\/projektimi-i-4-aproneve-ne-veri-perendim-te-aeroportit-nderkombetar-te-tiranes\/\" rel=\"bookmark\">Design of 4 new aprons in North-West at Tirana International Airport<\/a><\/h2>\t\t\t\t\t\t<\/div>\n\t\t\t\t\t\t\t\t\t\t\t\t<div class=\"entry-excerpt\">\n\t\t\t\t\t\t\tDesign of 4 aprons in the north-west of Tirana International Airport. Company: InfraKonsult Investor: Tirana International Airport Year:...\t\t\t\t\t\t<\/div><!-- .entry-content -->\n\t\t\t\t\t\t\t\t\t\t\t\t\t\t\t\t\t\t<a href=\"https:\/\/infrakonsult.al\/en\/projektimi-i-4-aproneve-ne-veri-perendim-te-aeroportit-nderkombetar-te-tiranes\/\" class=\"readmore\">\n\t\t\t\t\t\t\t<span class=\"dl-arrow left\"><\/span>\n\t\t\t\t\t\t\t<span class=\"dl-text\">Read More<\/span>\n\t\t\t\t\t\t\t<span class=\"dl-arrow right\"><\/span>\n\t\t\t\t\t\t<\/a>\n\t\t\t\t\t\t\t\t\t\t\t<\/div>\n\t\t\t\t<\/div>\n\t\t\t<\/article> <!-- #post-## -->\n\n\t\t\t\n\t\t\t<article class=\"blog-post post-3185 post type-post status-publish format-standard has-post-thumbnail hentry category-aeroporte category-projektime-sq\" id=\"post-3185\">\n\t\t\t\t<div class=\"blog-post-inner\">\n\t\t\t\t\t<div class=\"entry_thumb\">\n\t\t\t\t\t\t<a href=\"https:\/\/infrakonsult.al\/en\/projektimi-i-7-aproneve-te-kategorive-c-dhe-e-aeroporti-nderkombetar-te-tiranes\/\" class=\"entry_thumb-link\">\n\t\t\t\t\t\t\t<img fetchpriority=\"high\" decoding=\"async\" width=\"2560\" height=\"1694\" src=\"https:\/\/infrakonsult.al\/wp-content\/uploads\/2025\/04\/A.-Horografia-Kodi-C-dhe-E-1-scaled.jpg\" class=\"attachment-400x300-blog size-400x300-blog wp-post-image\" alt=\"\" srcset=\"https:\/\/infrakonsult.al\/wp-content\/uploads\/2025\/04\/A.-Horografia-Kodi-C-dhe-E-1-scaled.jpg 2560w, https:\/\/infrakonsult.al\/wp-content\/uploads\/2025\/04\/A.-Horografia-Kodi-C-dhe-E-1-300x198.jpg 300w, https:\/\/infrakonsult.al\/wp-content\/uploads\/2025\/04\/A.-Horografia-Kodi-C-dhe-E-1-1024x677.jpg 1024w, https:\/\/infrakonsult.al\/wp-content\/uploads\/2025\/04\/A.-Horografia-Kodi-C-dhe-E-1-768x508.jpg 768w, https:\/\/infrakonsult.al\/wp-content\/uploads\/2025\/04\/A.-Horografia-Kodi-C-dhe-E-1-1536x1016.jpg 1536w, https:\/\/infrakonsult.al\/wp-content\/uploads\/2025\/04\/A.-Horografia-Kodi-C-dhe-E-1-2048x1355.jpg 2048w\" sizes=\"(max-width: 2560px) 100vw, 2560px\" \/>\t\t\t\t\t\t<\/a>\n\t\t\t\t\t<\/div>\n\n\t\t\t\t\t<div class=\"entry_text\">\n\t\t\t\t\t\t<div class=\"entry_header\">\n\t\t\t\t\t\t\t\t\t\t\t\t\t\t<div class=\"meta-info show\">\n\t\t\t\t\t\t\t<a href=\"https:\/\/infrakonsult.al\/en\/category\/projektime-sq\/aeroporte\/\" class=\"post-cat\">Airports<\/a>\t\t\t\t\t\t\t<\/div>\n\t\t\t\t\t\t\t\t\t\t\t\t\t\t<h2 class=\"entry_title\"><a href=\"https:\/\/infrakonsult.al\/en\/projektimi-i-7-aproneve-te-kategorive-c-dhe-e-aeroporti-nderkombetar-te-tiranes\/\" rel=\"bookmark\">Design of 7 aprons of categories C and E, between Taxiway Foxtrot and Taxiway Echo at Tirana International Airport<\/a><\/h2>\t\t\t\t\t\t<\/div>\n\t\t\t\t\t\t\t\t\t\t\t\t<div class=\"entry-excerpt\">\n\t\t\t\t\t\t\tDesign of 7 Aprons of categories C and E, between the Foxtrot Auxiliary Road and the Echo Auxiliary Road at the...\t\t\t\t\t\t<\/div><!-- .entry-content -->\n\t\t\t\t\t\t\t\t\t\t\t\t\t\t\t\t\t\t<a href=\"https:\/\/infrakonsult.al\/en\/projektimi-i-7-aproneve-te-kategorive-c-dhe-e-aeroporti-nderkombetar-te-tiranes\/\" class=\"readmore\">\n\t\t\t\t\t\t\t<span class=\"dl-arrow left\"><\/span>\n\t\t\t\t\t\t\t<span class=\"dl-text\">Read More<\/span>\n\t\t\t\t\t\t\t<span class=\"dl-arrow right\"><\/span>\n\t\t\t\t\t\t<\/a>\n\t\t\t\t\t\t\t\t\t\t\t<\/div>\n\t\t\t\t<\/div>\n\t\t\t<\/article> <!-- #post-## -->\n\n\t\t\t\n\t\t\t<article class=\"blog-post post-3180 post type-post status-publish format-standard hentry category-aeroporte category-projektime-sq\" id=\"post-3180\">\n\t\t\t\t<div class=\"blog-post-inner\">\n\t\t\t\t\t<div class=\"entry_thumb\">\n\t\t\t\t\t\t<a href=\"https:\/\/infrakonsult.al\/en\/projektimi-i-detajuar-per-rrugen-ndihmese-foxtrot-ne-aeroportin-nderkombetar-te-tiranes\/\" class=\"entry_thumb-link\">\n\t\t\t\t\t\t\t\t\t\t\t\t\t<\/a>\n\t\t\t\t\t<\/div>\n\n\t\t\t\t\t<div class=\"entry_text\">\n\t\t\t\t\t\t<div class=\"entry_header\">\n\t\t\t\t\t\t\t\t\t\t\t\t\t\t<div class=\"meta-info show\">\n\t\t\t\t\t\t\t<a href=\"https:\/\/infrakonsult.al\/en\/category\/projektime-sq\/aeroporte\/\" class=\"post-cat\">Airports<\/a>\t\t\t\t\t\t\t<\/div>\n\t\t\t\t\t\t\t\t\t\t\t\t\t\t<h2 class=\"entry_title\"><a href=\"https:\/\/infrakonsult.al\/en\/projektimi-i-detajuar-per-rrugen-ndihmese-foxtrot-ne-aeroportin-nderkombetar-te-tiranes\/\" rel=\"bookmark\">Detailed Design for Taxiway Foxtrot at Tirana International Airport<\/a><\/h2>\t\t\t\t\t\t<\/div>\n\t\t\t\t\t\t\t\t\t\t\t\t<div class=\"entry-excerpt\">\n\t\t\t\t\t\t\tDetailed Design for the Foxtrot Auxiliary Road at Tirana International Airport Company: NACO&amp;InfraKonsult Investor: Tirana International Airport...\t\t\t\t\t\t<\/div><!-- .entry-content -->\n\t\t\t\t\t\t\t\t\t\t\t\t\t\t\t\t\t\t<a href=\"https:\/\/infrakonsult.al\/en\/projektimi-i-detajuar-per-rrugen-ndihmese-foxtrot-ne-aeroportin-nderkombetar-te-tiranes\/\" class=\"readmore\">\n\t\t\t\t\t\t\t<span class=\"dl-arrow left\"><\/span>\n\t\t\t\t\t\t\t<span class=\"dl-text\">Read More<\/span>\n\t\t\t\t\t\t\t<span class=\"dl-arrow right\"><\/span>\n\t\t\t\t\t\t<\/a>\n\t\t\t\t\t\t\t\t\t\t\t<\/div>\n\t\t\t\t<\/div>\n\t\t\t<\/article> <!-- #post-## -->\n\n\t\t\t\n\t\t\t<article class=\"blog-post post-3173 post type-post status-publish format-standard has-post-thumbnail hentry category-aeroporte category-projektime-sq\" id=\"post-3173\">\n\t\t\t\t<div class=\"blog-post-inner\">\n\t\t\t\t\t<div class=\"entry_thumb\">\n\t\t\t\t\t\t<a href=\"https:\/\/infrakonsult.al\/en\/rikonstruksioni-i-pistes-ekzistuese-zgjatja-e-pistes-sistemi-i-drenazhimit-sistemi-rrugor-dhe-hapesirat-e-parkimit-ne-aeroportin-nderkombetar-te-kukesit\/\" class=\"entry_thumb-link\">\n\t\t\t\t\t\t\t<img decoding=\"async\" width=\"5470\" height=\"8739\" src=\"https:\/\/infrakonsult.al\/wp-content\/uploads\/2025\/04\/Aeroporti-i-Kukesit.jpg\" class=\"attachment-400x300-blog size-400x300-blog wp-post-image\" alt=\"\" srcset=\"https:\/\/infrakonsult.al\/wp-content\/uploads\/2025\/04\/Aeroporti-i-Kukesit.jpg 5470w, https:\/\/infrakonsult.al\/wp-content\/uploads\/2025\/04\/Aeroporti-i-Kukesit-188x300.jpg 188w, https:\/\/infrakonsult.al\/wp-content\/uploads\/2025\/04\/Aeroporti-i-Kukesit-641x1024.jpg 641w, https:\/\/infrakonsult.al\/wp-content\/uploads\/2025\/04\/Aeroporti-i-Kukesit-768x1227.jpg 768w, https:\/\/infrakonsult.al\/wp-content\/uploads\/2025\/04\/Aeroporti-i-Kukesit-961x1536.jpg 961w\" sizes=\"(max-width: 5470px) 100vw, 5470px\" \/>\t\t\t\t\t\t<\/a>\n\t\t\t\t\t<\/div>\n\n\t\t\t\t\t<div class=\"entry_text\">\n\t\t\t\t\t\t<div class=\"entry_header\">\n\t\t\t\t\t\t\t\t\t\t\t\t\t\t<div class=\"meta-info show\">\n\t\t\t\t\t\t\t<a href=\"https:\/\/infrakonsult.al\/en\/category\/projektime-sq\/aeroporte\/\" class=\"post-cat\">Airports<\/a>\t\t\t\t\t\t\t<\/div>\n\t\t\t\t\t\t\t\t\t\t\t\t\t\t<h2 class=\"entry_title\"><a href=\"https:\/\/infrakonsult.al\/en\/rikonstruksioni-i-pistes-ekzistuese-zgjatja-e-pistes-sistemi-i-drenazhimit-sistemi-rrugor-dhe-hapesirat-e-parkimit-ne-aeroportin-nderkombetar-te-kukesit\/\" rel=\"bookmark\">Reconstruction of the existing runway at Kukes International Airport<\/a><\/h2>\t\t\t\t\t\t<\/div>\n\t\t\t\t\t\t\t\t\t\t\t\t<div class=\"entry-excerpt\">\n\t\t\t\t\t\t\tReconstruction of the existing runway, runway extension, drainage system, road system and parking spaces at the International Airport...\t\t\t\t\t\t<\/div><!-- .entry-content -->\n\t\t\t\t\t\t\t\t\t\t\t\t\t\t\t\t\t\t<a href=\"https:\/\/infrakonsult.al\/en\/rikonstruksioni-i-pistes-ekzistuese-zgjatja-e-pistes-sistemi-i-drenazhimit-sistemi-rrugor-dhe-hapesirat-e-parkimit-ne-aeroportin-nderkombetar-te-kukesit\/\" class=\"readmore\">\n\t\t\t\t\t\t\t<span class=\"dl-arrow left\"><\/span>\n\t\t\t\t\t\t\t<span class=\"dl-text\">Read More<\/span>\n\t\t\t\t\t\t\t<span class=\"dl-arrow right\"><\/span>\n\t\t\t\t\t\t<\/a>\n\t\t\t\t\t\t\t\t\t\t\t<\/div>\n\t\t\t\t<\/div>\n\t\t\t<\/article> <!-- #post-## -->\n\n\t\t\t\n\t\t\t<article class=\"blog-post post-3168 post type-post status-publish format-standard hentry category-aeroporte category-projektime-sq\" id=\"post-3168\">\n\t\t\t\t<div class=\"blog-post-inner\">\n\t\t\t\t\t<div class=\"entry_thumb\">\n\t\t\t\t\t\t<a href=\"https:\/\/infrakonsult.al\/en\/projektimi-i-detajuar-per-rrugen-ndihmese-charlie-ne-aeroportin-nderkombetar-te-tiranes\/\" class=\"entry_thumb-link\">\n\t\t\t\t\t\t\t\t\t\t\t\t\t<\/a>\n\t\t\t\t\t<\/div>\n\n\t\t\t\t\t<div class=\"entry_text\">\n\t\t\t\t\t\t<div class=\"entry_header\">\n\t\t\t\t\t\t\t\t\t\t\t\t\t\t<div class=\"meta-info show\">\n\t\t\t\t\t\t\t<a href=\"https:\/\/infrakonsult.al\/en\/category\/projektime-sq\/aeroporte\/\" class=\"post-cat\">Airports<\/a>\t\t\t\t\t\t\t<\/div>\n\t\t\t\t\t\t\t\t\t\t\t\t\t\t<h2 class=\"entry_title\"><a href=\"https:\/\/infrakonsult.al\/en\/projektimi-i-detajuar-per-rrugen-ndihmese-charlie-ne-aeroportin-nderkombetar-te-tiranes\/\" rel=\"bookmark\">Detailed Design for Taxiway Charlie at Tirana International Airport<\/a><\/h2>\t\t\t\t\t\t<\/div>\n\t\t\t\t\t\t\t\t\t\t\t\t<div class=\"entry-excerpt\">\n\t\t\t\t\t\t\tDetailed design of the existing runway and its extension. Company: InfraKonsult Investor: Tirana International Airport Year: 2022-2023\t\t\t\t\t\t<\/div><!-- .entry-content -->\n\t\t\t\t\t\t\t\t\t\t\t\t\t\t\t\t\t\t<a href=\"https:\/\/infrakonsult.al\/en\/projektimi-i-detajuar-per-rrugen-ndihmese-charlie-ne-aeroportin-nderkombetar-te-tiranes\/\" class=\"readmore\">\n\t\t\t\t\t\t\t<span class=\"dl-arrow left\"><\/span>\n\t\t\t\t\t\t\t<span class=\"dl-text\">Read More<\/span>\n\t\t\t\t\t\t\t<span class=\"dl-arrow right\"><\/span>\n\t\t\t\t\t\t<\/a>\n\t\t\t\t\t\t\t\t\t\t\t<\/div>\n\t\t\t\t<\/div>\n\t\t\t<\/article> <!-- #post-## -->\n\n\t\t\t\n\t\t\t<article class=\"blog-post post-3163 post type-post status-publish format-standard has-post-thumbnail hentry category-aeroporte category-projektime-sq\" id=\"post-3163\">\n\t\t\t\t<div class=\"blog-post-inner\">\n\t\t\t\t\t<div class=\"entry_thumb\">\n\t\t\t\t\t\t<a href=\"https:\/\/infrakonsult.al\/en\/projektimi-i-detajuar-per-2-apronet-e-reja-kodi-e-dhe-kodi-c-ne-jugperendim-te-aeroportit-nderkombetar-te-tiranes\/\" class=\"entry_thumb-link\">\n\t\t\t\t\t\t\t<img decoding=\"async\" width=\"2560\" height=\"2105\" src=\"https:\/\/infrakonsult.al\/wp-content\/uploads\/2025\/04\/Sistemi-i-Drenazhit-kodi-E-dhe-C-scaled.jpg\" class=\"attachment-400x300-blog size-400x300-blog wp-post-image\" alt=\"\" srcset=\"https:\/\/infrakonsult.al\/wp-content\/uploads\/2025\/04\/Sistemi-i-Drenazhit-kodi-E-dhe-C-scaled.jpg 2560w, https:\/\/infrakonsult.al\/wp-content\/uploads\/2025\/04\/Sistemi-i-Drenazhit-kodi-E-dhe-C-300x247.jpg 300w, https:\/\/infrakonsult.al\/wp-content\/uploads\/2025\/04\/Sistemi-i-Drenazhit-kodi-E-dhe-C-1024x842.jpg 1024w, https:\/\/infrakonsult.al\/wp-content\/uploads\/2025\/04\/Sistemi-i-Drenazhit-kodi-E-dhe-C-768x631.jpg 768w, https:\/\/infrakonsult.al\/wp-content\/uploads\/2025\/04\/Sistemi-i-Drenazhit-kodi-E-dhe-C-1536x1263.jpg 1536w, https:\/\/infrakonsult.al\/wp-content\/uploads\/2025\/04\/Sistemi-i-Drenazhit-kodi-E-dhe-C-2048x1684.jpg 2048w\" sizes=\"(max-width: 2560px) 100vw, 2560px\" \/>\t\t\t\t\t\t<\/a>\n\t\t\t\t\t<\/div>\n\n\t\t\t\t\t<div class=\"entry_text\">\n\t\t\t\t\t\t<div class=\"entry_header\">\n\t\t\t\t\t\t\t\t\t\t\t\t\t\t<div class=\"meta-info show\">\n\t\t\t\t\t\t\t<a href=\"https:\/\/infrakonsult.al\/en\/category\/projektime-sq\/aeroporte\/\" class=\"post-cat\">Airports<\/a>\t\t\t\t\t\t\t<\/div>\n\t\t\t\t\t\t\t\t\t\t\t\t\t\t<h2 class=\"entry_title\"><a href=\"https:\/\/infrakonsult.al\/en\/projektimi-i-detajuar-per-2-apronet-e-reja-kodi-e-dhe-kodi-c-ne-jugperendim-te-aeroportit-nderkombetar-te-tiranes\/\" rel=\"bookmark\">Detailed Design for New 2 Aprons Stands code E, code C, South-West at Tirana International Airport<\/a><\/h2>\t\t\t\t\t\t<\/div>\n\t\t\t\t\t\t\t\t\t\t\t\t<div class=\"entry-excerpt\">\n\t\t\t\t\t\t\tDetailed design for the construction of 2 new aprons in the southwestern part of Tirana International Airport. Company:...\t\t\t\t\t\t<\/div><!-- .entry-content -->\n\t\t\t\t\t\t\t\t\t\t\t\t\t\t\t\t\t\t<a href=\"https:\/\/infrakonsult.al\/en\/projektimi-i-detajuar-per-2-apronet-e-reja-kodi-e-dhe-kodi-c-ne-jugperendim-te-aeroportit-nderkombetar-te-tiranes\/\" class=\"readmore\">\n\t\t\t\t\t\t\t<span class=\"dl-arrow left\"><\/span>\n\t\t\t\t\t\t\t<span class=\"dl-text\">Read More<\/span>\n\t\t\t\t\t\t\t<span class=\"dl-arrow right\"><\/span>\n\t\t\t\t\t\t<\/a>\n\t\t\t\t\t\t\t\t\t\t\t<\/div>\n\t\t\t\t<\/div>\n\t\t\t<\/article> <!-- #post-## -->\n\n\t\t\t\n\t\t\t<article class=\"blog-post post-3158 post type-post status-publish format-standard has-post-thumbnail hentry category-aeroporte category-projektime-sq\" id=\"post-3158\">\n\t\t\t\t<div class=\"blog-post-inner\">\n\t\t\t\t\t<div class=\"entry_thumb\">\n\t\t\t\t\t\t<a href=\"https:\/\/infrakonsult.al\/en\/rikonstruksioni-i-pistes-ekzistuese-2750-m-dhe-zgjatimi-i-saj-aeroporti-nderkombetar-i-tiranes\/\" class=\"entry_thumb-link\">\n\t\t\t\t\t\t\t<img loading=\"lazy\" decoding=\"async\" width=\"2560\" height=\"1808\" src=\"https:\/\/infrakonsult.al\/wp-content\/uploads\/2025\/04\/Zgjaimi-i-pistes-scaled.jpg\" class=\"attachment-400x300-blog size-400x300-blog wp-post-image\" alt=\"\" srcset=\"https:\/\/infrakonsult.al\/wp-content\/uploads\/2025\/04\/Zgjaimi-i-pistes-scaled.jpg 2560w, https:\/\/infrakonsult.al\/wp-content\/uploads\/2025\/04\/Zgjaimi-i-pistes-300x212.jpg 300w, https:\/\/infrakonsult.al\/wp-content\/uploads\/2025\/04\/Zgjaimi-i-pistes-1024x723.jpg 1024w, https:\/\/infrakonsult.al\/wp-content\/uploads\/2025\/04\/Zgjaimi-i-pistes-768x542.jpg 768w, https:\/\/infrakonsult.al\/wp-content\/uploads\/2025\/04\/Zgjaimi-i-pistes-1536x1085.jpg 1536w, https:\/\/infrakonsult.al\/wp-content\/uploads\/2025\/04\/Zgjaimi-i-pistes-2048x1447.jpg 2048w\" sizes=\"(max-width: 2560px) 100vw, 2560px\" \/>\t\t\t\t\t\t<\/a>\n\t\t\t\t\t<\/div>\n\n\t\t\t\t\t<div class=\"entry_text\">\n\t\t\t\t\t\t<div class=\"entry_header\">\n\t\t\t\t\t\t\t\t\t\t\t\t\t\t<div class=\"meta-info show\">\n\t\t\t\t\t\t\t<a href=\"https:\/\/infrakonsult.al\/en\/category\/projektime-sq\/aeroporte\/\" class=\"post-cat\">Airports<\/a>\t\t\t\t\t\t\t<\/div>\n\t\t\t\t\t\t\t\t\t\t\t\t\t\t<h2 class=\"entry_title\"><a href=\"https:\/\/infrakonsult.al\/en\/rikonstruksioni-i-pistes-ekzistuese-2750-m-dhe-zgjatimi-i-saj-aeroporti-nderkombetar-i-tiranes\/\" rel=\"bookmark\">Reconstruction of the existing 2750 m runway and its extension, Tirana International Airport<\/a><\/h2>\t\t\t\t\t\t<\/div>\n\t\t\t\t\t\t\t\t\t\t\t\t<div class=\"entry-excerpt\">\n\t\t\t\t\t\t\tReconstruction of the existing runway at Tirana International Airport with a length of 2750 m and extension of the airport runway. Design...\t\t\t\t\t\t<\/div><!-- .entry-content -->\n\t\t\t\t\t\t\t\t\t\t\t\t\t\t\t\t\t\t<a href=\"https:\/\/infrakonsult.al\/en\/rikonstruksioni-i-pistes-ekzistuese-2750-m-dhe-zgjatimi-i-saj-aeroporti-nderkombetar-i-tiranes\/\" class=\"readmore\">\n\t\t\t\t\t\t\t<span class=\"dl-arrow left\"><\/span>\n\t\t\t\t\t\t\t<span class=\"dl-text\">Read More<\/span>\n\t\t\t\t\t\t\t<span class=\"dl-arrow right\"><\/span>\n\t\t\t\t\t\t<\/a>\n\t\t\t\t\t\t\t\t\t\t\t<\/div>\n\t\t\t\t<\/div>\n\t\t\t<\/article> <!-- #post-## -->\n\n\t\t\t\t\t\t<div class=\"clearfix\"><\/div>\n\t\t<\/div>\n\n\t\t\t\t\t\t<\/div>\n\t\t\t\t<\/div>\n\t\t\t\t\t<\/div>\n\t\t<\/div>\n\t\t\t\t\t<\/div>\n\t\t<\/section>\n\t\t\t\t<\/div>","protected":false},"excerpt":{"rendered":"<p>Aeroporte Aeroporte Projektimi i Detajuar p\u00ebr Rrug\u00ebn Ndihm\u00ebse Alpha (800 metra linear\u00eb) n\u00eb Aeroportin Nd\u00ebrkomb\u00ebtar t\u00eb Tiran\u00ebs Projektimi i Detajuar p\u00ebr Rrug\u00ebn Ndihm\u00ebse Alpha (800 metra linear\u00eb) n\u00eb Aeroportin Nd\u00ebrkomb\u00ebtar t\u00eb Tiran\u00ebs. \u00a0 Kompania: InfraKonsult Investues:&#8230; Read More Aeroporte Projektimi i 4 aproneve n\u00eb veri-per\u00ebndim t\u00eb Aeroportit Nd\u00ebrkomb\u00ebtar t\u00eb Tiran\u00ebs Projektimi i 4 aproneve n\u00eb<\/p>","protected":false},"author":1,"featured_media":0,"parent":0,"menu_order":0,"comment_status":"closed","ping_status":"closed","template":"elementor_header_footer","meta":{"_acf_changed":false,"footnotes":""},"class_list":["post-3506","page","type-page","status-publish","hentry"],"acf":[],"_links":{"self":[{"href":"https:\/\/infrakonsult.al\/en\/wp-json\/wp\/v2\/pages\/3506","targetHints":{"allow":["GET"]}}],"collection":[{"href":"https:\/\/infrakonsult.al\/en\/wp-json\/wp\/v2\/pages"}],"about":[{"href":"https:\/\/infrakonsult.al\/en\/wp-json\/wp\/v2\/types\/page"}],"author":[{"embeddable":true,"href":"https:\/\/infrakonsult.al\/en\/wp-json\/wp\/v2\/users\/1"}],"replies":[{"embeddable":true,"href":"https:\/\/infrakonsult.al\/en\/wp-json\/wp\/v2\/comments?post=3506"}],"version-history":[{"count":7,"href":"https:\/\/infrakonsult.al\/en\/wp-json\/wp\/v2\/pages\/3506\/revisions"}],"predecessor-version":[{"id":3513,"href":"https:\/\/infrakonsult.al\/en\/wp-json\/wp\/v2\/pages\/3506\/revisions\/3513"}],"wp:attachment":[{"href":"https:\/\/infrakonsult.al\/en\/wp-json\/wp\/v2\/media?parent=3506"}],"curies":[{"name":"wp","href":"https:\/\/api.w.org\/{rel}","templated":true}]}}