{"id":343,"date":"2019-11-09T18:36:22","date_gmt":"2019-11-09T18:36:22","guid":{"rendered":"http:\/\/wp.dynamiclayers.net\/struqta\/?page_id=343"},"modified":"2025-05-05T08:19:15","modified_gmt":"2025-05-05T08:19:15","slug":"rreth-nesh","status":"publish","type":"page","link":"https:\/\/infrakonsult.al\/en\/rreth-nesh\/","title":{"rendered":"About Us"},"content":{"rendered":"<div data-elementor-type=\"wp-page\" data-elementor-id=\"343\" class=\"elementor elementor-343\" data-elementor-post-type=\"page\">\n\t\t\t\t\t\t<section class=\"elementor-section elementor-top-section elementor-element elementor-element-af8c268 elementor-section-height-min-height elementor-section-boxed elementor-section-height-default elementor-section-items-middle\" data-id=\"af8c268\" data-element_type=\"section\" data-e-type=\"section\" data-settings=\"{&quot;background_background&quot;:&quot;classic&quot;}\">\n\t\t\t\t\t\t\t<div class=\"elementor-background-overlay\"><\/div>\n\t\t\t\t\t\t\t<div class=\"elementor-container elementor-column-gap-default\">\n\t\t\t\t\t<div class=\"elementor-column elementor-col-100 elementor-top-column elementor-element elementor-element-a2267cc\" data-id=\"a2267cc\" data-element_type=\"column\" data-e-type=\"column\">\n\t\t\t<div class=\"elementor-widget-wrap elementor-element-populated\">\n\t\t\t\t\t\t<div class=\"elementor-element elementor-element-3ee132b elementor-widget elementor-widget-sc-heading\" data-id=\"3ee132b\" data-element_type=\"widget\" data-e-type=\"widget\" data-widget_type=\"sc-heading.default\">\n\t\t\t\t<div class=\"elementor-widget-container\">\n\t\t\t\t\t\t\t<div id=\"wt-at-3ee132b\" class=\"headng-wrap center\">\n\t\t\t<div class=\"section-heading\">\n\t\t\t\t\t\t\t\t\t\t\t<h2\t\t\t\t class=\"heading\"\t\t\t\t>InfraKonsult <\/h2>\n\t\t\t\t\t\t\t\t\t\t\t\t<p\t\t\t\t class=\"desc\"\t\t\t\t>\n\n\nYour strategic partner in creating infrastructure that supports communities, drives development, and defines the future.<\/p>\n\t\t\t\t\t\t\t<\/div>\n\t\t<\/div>\n\n\t\t\t\t\t<\/div>\n\t\t\t\t<\/div>\n\t\t\t\t\t<\/div>\n\t\t<\/div>\n\t\t\t\t\t<\/div>\n\t\t<\/section>\n\t\t\t\t<section class=\"elementor-section elementor-top-section elementor-element elementor-element-64970a1 elementor-section-content-middle elementor-section-boxed elementor-section-height-default elementor-section-height-default\" data-id=\"64970a1\" data-element_type=\"section\" data-e-type=\"section\" data-settings=\"{&quot;background_background&quot;:&quot;classic&quot;}\">\n\t\t\t\t\t\t<div class=\"elementor-container elementor-column-gap-default\">\n\t\t\t\t\t<div class=\"elementor-column elementor-col-100 elementor-top-column elementor-element elementor-element-1cde4bf\" data-id=\"1cde4bf\" data-element_type=\"column\" data-e-type=\"column\">\n\t\t\t<div class=\"elementor-widget-wrap elementor-element-populated\">\n\t\t\t\t\t\t<div class=\"elementor-element elementor-element-5d9fda4 elementor-widget elementor-widget-sc-heading\" data-id=\"5d9fda4\" data-element_type=\"widget\" data-e-type=\"widget\" data-widget_type=\"sc-heading.default\">\n\t\t\t\t<div class=\"elementor-widget-container\">\n\t\t\t\t\t\t\t<div id=\"wt-at-5d9fda4\" class=\"headng-wrap left\">\n\t\t\t<div class=\"section-heading\">\n\t\t\t\t\t\t\t\t\t\t\t\t\t\t\t<p\t\t\t\t class=\"desc\"\t\t\t\t>\u201cInfraKonsult\u201d sh.pk is an engineering consultancy company in Albania focused on infrastructure.\nIts services are mainly related to engineering consultancy and research, including technical project documentation, up to the final engineering phase, as well as supervision of construction works.\nInfraKonsult\u2019s main line of activity are highways, roads, bridges, road and structure maintenance, water supply projects, wastewater systems, drainage, traffic engineering, buildings, airports, environmental protection and auditing, technical inspection and diagnostics, transport analysis, construction works management, geological surveys and geodesy, as well as other related activities. <br>\n\n\u201cInfraKonsult\u201d sh.pk was founded in 2012. The staff consists of 33 full-time employees and several other part-time employees, involved in important projects in Albania.\nOur professional staff, together with their skills, are our main valuable asset, making their professional experience available to clients to always achieve the best results.<br>\nAlthough \"InfraKonsult\" sh.pk is a new company, it inherits the experience and professionalism of its staff to provide the best professional services.<\/p>\n\t\t\t\t\t\t\t<\/div>\n\t\t<\/div>\n\n\t\t\t\t\t<\/div>\n\t\t\t\t<\/div>\n\t\t\t\t\t<\/div>\n\t\t<\/div>\n\t\t\t\t\t<\/div>\n\t\t<\/section>\n\t\t\t\t<section class=\"elementor-section elementor-top-section elementor-element elementor-element-e577af2 elementor-section-boxed elementor-section-height-default elementor-section-height-default\" data-id=\"e577af2\" data-element_type=\"section\" data-e-type=\"section\" data-settings=\"{&quot;background_background&quot;:&quot;classic&quot;}\">\n\t\t\t\t\t\t<div class=\"elementor-container elementor-column-gap-default\">\n\t\t\t\t\t<div class=\"elementor-column elementor-col-100 elementor-top-column elementor-element elementor-element-fe5af3d\" data-id=\"fe5af3d\" data-element_type=\"column\" data-e-type=\"column\">\n\t\t\t<div class=\"elementor-widget-wrap elementor-element-populated\">\n\t\t\t\t\t\t<div class=\"elementor-element elementor-element-1134a3d elementor-widget elementor-widget-heading\" data-id=\"1134a3d\" data-element_type=\"widget\" data-e-type=\"widget\" data-widget_type=\"heading.default\">\n\t\t\t\t<div class=\"elementor-widget-container\">\n\t\t\t\t\t<h2 class=\"elementor-heading-title elementor-size-default\">Our Values<\/h2>\t\t\t\t<\/div>\n\t\t\t\t<\/div>\n\t\t\t\t<div class=\"elementor-element elementor-element-cb93c3a dl-align-center elementor-widget elementor-widget-sc_working_process\" data-id=\"cb93c3a\" data-element_type=\"widget\" data-e-type=\"widget\" data-settings=\"{&quot;dl_content_align&quot;:&quot;center&quot;,&quot;dl_col_desktop&quot;:&quot;col-lg-4&quot;,&quot;dl_col_tablet&quot;:&quot;col-md-6&quot;,&quot;dl_col_mobile&quot;:&quot;col-sm-6&quot;}\" data-widget_type=\"sc_working_process.default\">\n\t\t\t\t<div class=\"elementor-widget-container\">\n\t\t\t\t\t\t\t<div class=\"process-items row\">\n\t\t\t\t\t\t<div class=\"single-working-process col-lg-4 col-md-6 col-sm-6 elementor-repeater-item-0bf6e2f gutter\">\n\t\t\t\t<div class=\"working-process-box\">\n\t\t\t\t\t<div class=\"arrow arrow-down\"><\/div>\t\t\t\t\t<div class=\"icon-box\">\n\t\t\t\t\t\t<i class=\"dl dl-industrial-robot-18\"><\/i><span>1<\/span>\t\t\t\t\t<\/div>\n\t\t\t\t\t\t\t\t\t\t<div class=\"content-box\">\n\t\t\t\t\t\t<h3 class=\"heading\">Quality<\/h3><p class=\"desc\">At InfraKonsult, quality is the foundation of everything we do. We are committed to providing engineering solutions that meet the highest standards of accuracy, safety, and efficiency.<\/p>\t\t\t\t\t<\/div>\n\t\t\t\t\t\t\t\t\t<\/div>\n\t\t\t<\/div>\n\t\t\t\t\t<div class=\"single-working-process col-lg-4 col-md-6 col-sm-6 elementor-repeater-item-97c8059 gutter\">\n\t\t\t\t<div class=\"working-process-box\">\n\t\t\t\t\t<div class=\"arrow arrow-up\"><\/div>\t\t\t\t\t<div class=\"icon-box\">\n\t\t\t\t\t\t<i class=\"dl dl-tanks-2\"><\/i><span>2<\/span>\t\t\t\t\t<\/div>\n\t\t\t\t\t\t\t\t\t\t<div class=\"content-box\">\n\t\t\t\t\t\t<h3 class=\"heading\">Environment<\/h3><p class=\"desc\">All our projects strictly respect environmental regulations and standards, ensuring full compliance with local environmental laws, we are committed to protecting the environment at every stage of our engineering processes.<\/p>\t\t\t\t\t<\/div>\n\t\t\t\t\t\t\t\t\t<\/div>\n\t\t\t<\/div>\n\t\t\t\t\t<div class=\"single-working-process col-lg-4 col-md-6 col-sm-6 elementor-repeater-item-b0cc905 gutter\">\n\t\t\t\t<div class=\"working-process-box\">\n\t\t\t\t\t\t\t\t\t\t<div class=\"icon-box\">\n\t\t\t\t\t\t<i class=\"dl dl-industrial-robot-9\"><\/i><span>3<\/span>\t\t\t\t\t<\/div>\n\t\t\t\t\t\t\t\t\t\t<div class=\"content-box\">\n\t\t\t\t\t\t<h3 class=\"heading\">Safety at work<\/h3><p class=\"desc\">For us, safety is not just a policy - it is a core value. We are committed to creating and maintaining a safe working environment for all employees, partners and stakeholders at every stage of our projects.\n\n<\/p>\t\t\t\t\t<\/div>\n\t\t\t\t\t\t\t\t\t<\/div>\n\t\t\t<\/div>\n\t\t\t\t<\/div>\n\t\t\t\t\t<\/div>\n\t\t\t\t<\/div>\n\t\t\t\t\t<\/div>\n\t\t<\/div>\n\t\t\t\t\t<\/div>\n\t\t<\/section>\n\t\t\t\t<section class=\"elementor-section elementor-top-section elementor-element elementor-element-5b6a147 elementor-section-boxed elementor-section-height-default elementor-section-height-default\" data-id=\"5b6a147\" data-element_type=\"section\" data-e-type=\"section\">\n\t\t\t\t\t\t<div class=\"elementor-container elementor-column-gap-default\">\n\t\t\t\t\t<div class=\"elementor-column elementor-col-100 elementor-top-column elementor-element elementor-element-3ef56b8\" data-id=\"3ef56b8\" data-element_type=\"column\" data-e-type=\"column\">\n\t\t\t<div class=\"elementor-widget-wrap elementor-element-populated\">\n\t\t\t\t\t\t<div class=\"elementor-element elementor-element-83d4346 elementor-widget elementor-widget-heading\" data-id=\"83d4346\" data-element_type=\"widget\" data-e-type=\"widget\" data-widget_type=\"heading.default\">\n\t\t\t\t<div class=\"elementor-widget-container\">\n\t\t\t\t\t<h2 class=\"elementor-heading-title elementor-size-default\">InfraKonsult kryen Planifikim, Konsulenc\u00eb, Studim, Dizajnim dhe Menaxhim sipas kategorive m\u00eb m\u00ebposht\u00eb:<\/h2>\t\t\t\t<\/div>\n\t\t\t\t<\/div>\n\t\t\t\t<div class=\"elementor-element elementor-element-ef04555 elementor-widget elementor-widget-text-editor\" data-id=\"ef04555\" data-element_type=\"widget\" data-e-type=\"widget\" data-widget_type=\"text-editor.default\">\n\t\t\t\t<div class=\"elementor-widget-container\">\n\t\t\t\t\t\t\t\t\t<p><strong><span style=\"color: #084c93;\">a) RRUGE AUTOMOBILISTIKE<\/span><\/strong><br \/>\u2022 Planifikim rrugor dhe projektim, studime fizibiliteti, specifikime t\u00eb konstruksioneve t\u00eb<br \/>nd\u00ebrtimit, projektim t\u00eb rehabilitimit apo t\u00eb riasfaltimit t\u00eb rrug\u00ebve ekzistuese.<br \/>\u2022\tDesign for roads of categories different.<br \/>\u2022 Kompletimin e rrug\u00ebs me vepra arti t\u00eb vogla, drenazhe, mure, etj.<br \/>\u2022 Vleresimin hidraulik, hidrologjik dhe gjeologjik t\u00eb tyre.<br \/>\u2022 Mir\u00ebmbajtje e rrug\u00ebve, zhvillimi dhe zbatimi i sistemeve t\u00eb menaxhimit t\u00eb mbulesave (PMS \u2013<br \/>Pavement Management Systems) etj.<br \/><span style=\"color: #084c93;\"><strong>b)\tBRIDGE<\/strong><\/span><br \/>\u2022 Projektimi i urave t\u00eb reja dhe p\u00ebrforcimi i atyre ekzistuese t\u00eb \u00e7do lloji dhe \u00e7do madh\u00ebsie,<br \/>mbikalime, viadukte, estakada betoni apo metalike.<br \/>\u2022 Projektim themelesh t\u00eb ve\u00e7anta, p\u00ebrforcimesh, ankorime, tunele.<br \/><strong><span style=\"color: #084c93;\">c) PROJEKTIM I SISTEMEVE UJIT\u00cbSE E KULLUESE, UJ\u00cbSJELL\u00cbSA E KANALIZIME, MBROJTJE NGA UJRAT E LARTA, SISTEMIME T\u00cb P\u00cbRR\u00cbNJVE<\/span><\/strong><br \/><strong><span style=\"color: #084c93;\">DHE LUMENJVE<\/span><\/strong><br \/><span style=\"color: #084c93;\"><strong>d) PROJEKTIM ARKITEKTONIK DHE INXHINIERIK T\u00cb ND\u00cbRTESAVE<\/strong><\/span><br \/>\u2022 T\u00eb gjitha tipet e nd\u00ebrtesave pavar\u00ebsisht nga p\u00ebrmasat n\u00ebp\u00ebrmjet programeve t\u00eb avancuara si<br \/>Autocad 2013, Etabs, 3DMax etj.<br \/><span style=\"color: #084c93;\"><strong>e) SH\u00cbRBIME GJEOLOGJIKE<\/strong><\/span><br \/>\u2022 Kryen sh\u00ebrbime gjeologjike dhe vler\u00ebsime gjeologo \u2013 inxhinierike t\u00eb trojeve t\u00eb nd\u00ebrtimit.<br \/><span style=\"color: #084c93;\"><strong>f) TOPOGRAPHIC SERVICES<\/strong><\/span><br \/>\u2022\tAll types of topographic services applied to roads, tunnels, urban areas etc.<br \/><strong><span style=\"color: #084c93;\">g) STUDIME RAJONALE URBANISTIKE<\/span><\/strong><br \/>\u2022 Planifikimi urban dhe studime, planifikim zhvillim t\u00eb zonave urbane dhe rurale, sh\u00ebrbime<br \/>arkitektonike.<br \/><span style=\"color: #084c93;\"><strong>h) PJES\u00cb TJET\u00cbR E PA NDAR\u00cb E AKTIVITETIT TON\u00cb \u00cbSHT\u00cb MBIKQYRJA DHE<\/strong><\/span><br \/><span style=\"color: #084c93;\"><strong>KOLAUDIMI I PUNIMEVE N\u00cb FUSHAT E P\u00cbRMENDURA M\u00cb SIP\u00cbR.<\/strong><\/span><br \/>Kompania deri m\u00eb sot ka bashk\u00ebpunuar me klient\u00eb t\u00eb ndrysh\u00ebm si Nj\u00ebsit\u00eb Vendore t\u00eb Pushtetit Lokal dhe Klient\u00eb Privat\u00eb.<\/p>\t\t\t\t\t\t\t\t<\/div>\n\t\t\t\t<\/div>\n\t\t\t\t\t<\/div>\n\t\t<\/div>\n\t\t\t\t\t<\/div>\n\t\t<\/section>\n\t\t\t\t<section class=\"elementor-section elementor-top-section elementor-element elementor-element-3d43135 elementor-section-boxed elementor-section-height-default elementor-section-height-default\" data-id=\"3d43135\" data-element_type=\"section\" data-e-type=\"section\" data-settings=\"{&quot;background_background&quot;:&quot;classic&quot;}\">\n\t\t\t\t\t\t\t<div class=\"elementor-background-overlay\"><\/div>\n\t\t\t\t\t\t\t<div class=\"elementor-container elementor-column-gap-default\">\n\t\t\t\t\t<div class=\"elementor-column elementor-col-100 elementor-top-column elementor-element elementor-element-4ebe0ee\" data-id=\"4ebe0ee\" data-element_type=\"column\" data-e-type=\"column\">\n\t\t\t<div class=\"elementor-widget-wrap elementor-element-populated\">\n\t\t\t\t\t\t<section class=\"elementor-section elementor-inner-section elementor-element elementor-element-7d49ba1 elementor-section-boxed elementor-section-height-default elementor-section-height-default\" data-id=\"7d49ba1\" data-element_type=\"section\" data-e-type=\"section\">\n\t\t\t\t\t\t<div class=\"elementor-container elementor-column-gap-default\">\n\t\t\t\t\t<div class=\"elementor-column elementor-col-33 elementor-inner-column elementor-element elementor-element-f802cd9\" data-id=\"f802cd9\" data-element_type=\"column\" data-e-type=\"column\">\n\t\t\t<div class=\"elementor-widget-wrap\">\n\t\t\t\t\t\t\t<\/div>\n\t\t<\/div>\n\t\t\t\t<div class=\"elementor-column elementor-col-33 elementor-inner-column elementor-element elementor-element-97c9d62\" data-id=\"97c9d62\" data-element_type=\"column\" data-e-type=\"column\">\n\t\t\t<div class=\"elementor-widget-wrap elementor-element-populated\">\n\t\t\t\t\t\t<div class=\"elementor-element elementor-element-b94449a elementor-widget elementor-widget-sc-heading\" data-id=\"b94449a\" data-element_type=\"widget\" data-e-type=\"widget\" data-widget_type=\"sc-heading.default\">\n\t\t\t\t<div class=\"elementor-widget-container\">\n\t\t\t\t\t\t\t<div id=\"wt-at-b94449a\" class=\"headng-wrap center\">\n\t\t\t<div class=\"section-heading\">\n\t\t\t\t\t\t\t<h4\t\t\t\t class=\"sub-heading\"\t\t\t\t>Are you looking for a reliable partner for your project? <\/h4>\n\t\t\t\t\t\t\t\t\t\t\t\t<h2\t\t\t\t class=\"heading\"\t\t\t\t>InfraKonsult - Your strategic partner in creating infrastructure that supports communities, drives development, and defines the future.<\/h2>\n\t\t\t\t\t\t\t\t\t\t\t<\/div>\n\t\t<\/div>\n\n\t\t\t\t\t<\/div>\n\t\t\t\t<\/div>\n\t\t\t\t<div class=\"elementor-element elementor-element-a0127f1 wt-align-center elementor-widget elementor-widget-sc_button\" data-id=\"a0127f1\" data-element_type=\"widget\" data-e-type=\"widget\" data-widget_type=\"sc_button.default\">\n\t\t\t\t<div class=\"elementor-widget-container\">\n\t\t\t\t\t\t\t<div id=\"wt-at-a0127f1\" class=\"wt-button-wrap\">\n\t\t\t<a class=\"wt-btn\" href=\"https:\/\/infrakonsult.al\/en\/kontakt\/\" rel=\"nofollow\"><span >CONTACT US<\/span><\/a>\t\t<\/div>\n\n\t\t\t\t\t<\/div>\n\t\t\t\t<\/div>\n\t\t\t\t\t<\/div>\n\t\t<\/div>\n\t\t\t\t<div class=\"elementor-column elementor-col-33 elementor-inner-column elementor-element elementor-element-871feb3\" data-id=\"871feb3\" data-element_type=\"column\" data-e-type=\"column\">\n\t\t\t<div class=\"elementor-widget-wrap\">\n\t\t\t\t\t\t\t<\/div>\n\t\t<\/div>\n\t\t\t\t\t<\/div>\n\t\t<\/section>\n\t\t\t\t\t<\/div>\n\t\t<\/div>\n\t\t\t\t\t<\/div>\n\t\t<\/section>\n\t\t\t\t<section class=\"elementor-section elementor-top-section elementor-element elementor-element-c016ceb elementor-section-boxed elementor-section-height-default elementor-section-height-default\" data-id=\"c016ceb\" data-element_type=\"section\" data-e-type=\"section\" data-settings=\"{&quot;background_background&quot;:&quot;classic&quot;}\">\n\t\t\t\t\t\t<div class=\"elementor-container elementor-column-gap-default\">\n\t\t\t\t\t<div class=\"elementor-column elementor-col-100 elementor-top-column elementor-element elementor-element-182fe25\" data-id=\"182fe25\" data-element_type=\"column\" data-e-type=\"column\">\n\t\t\t<div class=\"elementor-widget-wrap elementor-element-populated\">\n\t\t\t\t\t\t<section class=\"elementor-section elementor-inner-section elementor-element elementor-element-bf67fec elementor-section-boxed elementor-section-height-default elementor-section-height-default\" data-id=\"bf67fec\" data-element_type=\"section\" data-e-type=\"section\" data-settings=\"{&quot;background_background&quot;:&quot;classic&quot;}\">\n\t\t\t\t\t\t<div class=\"elementor-container elementor-column-gap-default\">\n\t\t\t\t\t<div class=\"elementor-column elementor-col-25 elementor-inner-column elementor-element elementor-element-8dd38a5\" data-id=\"8dd38a5\" data-element_type=\"column\" data-e-type=\"column\">\n\t\t\t<div class=\"elementor-widget-wrap elementor-element-populated\">\n\t\t\t\t\t\t<div class=\"elementor-element elementor-element-85ac5f6 elementor-widget elementor-widget-struqta_counter\" data-id=\"85ac5f6\" data-element_type=\"widget\" data-e-type=\"widget\" data-widget_type=\"struqta_counter.default\">\n\t\t\t\t<div class=\"elementor-widget-container\">\n\t\t\t\t\t        <div class=\"dl-counter-container\">\n            <div class=\"dl-counter dl-counter-85ac5f6 dl-counter-layout-1\" data-target=\".dl-counter-number-85ac5f6\">\n                                                    <span class=\"dl-counter-icon-wrap\">\n                    <span class=\"dl-counter-icon\">\n                    <i aria-hidden=\"true\" class=\"dl dl-stock\"><\/i>                    <\/span>\n                <\/span>\n                            \n                    <div class=\"dl-counter-number-title-wrap\">\n                        <div class=\"dl-counter-number-wrap\">\n                                                        <div class=\"dl-counter-number dl-counter-number-85ac5f6\" data-to=\"330\" data-speed=\"1500\">\n                                0\n                            <\/div>\n                                                    <\/div>\n\n                        \n                        <div class=\"dl-counter-title\">COMPLETED PROJECTS<\/div>                    <\/div>\n                            <\/div>\n        <\/div><!-- .dl-counter-container -->\n        \t\t\t\t<\/div>\n\t\t\t\t<\/div>\n\t\t\t\t\t<\/div>\n\t\t<\/div>\n\t\t\t\t<div class=\"elementor-column elementor-col-25 elementor-inner-column elementor-element elementor-element-3c83646\" data-id=\"3c83646\" data-element_type=\"column\" data-e-type=\"column\">\n\t\t\t<div class=\"elementor-widget-wrap elementor-element-populated\">\n\t\t\t\t\t\t<div class=\"elementor-element elementor-element-3b1c2b0 elementor-widget elementor-widget-struqta_counter\" data-id=\"3b1c2b0\" data-element_type=\"widget\" data-e-type=\"widget\" data-widget_type=\"struqta_counter.default\">\n\t\t\t\t<div class=\"elementor-widget-container\">\n\t\t\t\t\t        <div class=\"dl-counter-container\">\n            <div class=\"dl-counter dl-counter-3b1c2b0 dl-counter-layout-1\" data-target=\".dl-counter-number-3b1c2b0\">\n                                                    <span class=\"dl-counter-icon-wrap\">\n                    <span class=\"dl-counter-icon\">\n                    <i aria-hidden=\"true\" class=\"dl dl-welder-1\"><\/i>                    <\/span>\n                <\/span>\n                            \n                    <div class=\"dl-counter-number-title-wrap\">\n                        <div class=\"dl-counter-number-wrap\">\n                                                        <div class=\"dl-counter-number dl-counter-number-3b1c2b0\" data-to=\"200\" data-speed=\"1500\">\n                                0\n                            <\/div>\n                                                    <\/div>\n\n                        \n                        <div class=\"dl-counter-title\">Happy Clients<\/div>                    <\/div>\n                            <\/div>\n        <\/div><!-- .dl-counter-container -->\n        \t\t\t\t<\/div>\n\t\t\t\t<\/div>\n\t\t\t\t\t<\/div>\n\t\t<\/div>\n\t\t\t\t<div class=\"elementor-column elementor-col-25 elementor-inner-column elementor-element elementor-element-95d35b2\" data-id=\"95d35b2\" data-element_type=\"column\" data-e-type=\"column\">\n\t\t\t<div class=\"elementor-widget-wrap elementor-element-populated\">\n\t\t\t\t\t\t<div class=\"elementor-element elementor-element-671d4f9 elementor-widget elementor-widget-struqta_counter\" data-id=\"671d4f9\" data-element_type=\"widget\" data-e-type=\"widget\" data-widget_type=\"struqta_counter.default\">\n\t\t\t\t<div class=\"elementor-widget-container\">\n\t\t\t\t\t        <div class=\"dl-counter-container\">\n            <div class=\"dl-counter dl-counter-671d4f9 dl-counter-layout-1\" data-target=\".dl-counter-number-671d4f9\">\n                                                    <span class=\"dl-counter-icon-wrap\">\n                    <span class=\"dl-counter-icon\">\n                    <i aria-hidden=\"true\" class=\"dl dl-meter-2\"><\/i>                    <\/span>\n                <\/span>\n                            \n                    <div class=\"dl-counter-number-title-wrap\">\n                        <div class=\"dl-counter-number-wrap\">\n                                                        <div class=\"dl-counter-number dl-counter-number-671d4f9\" data-to=\"6274\" data-speed=\"1500\">\n                                0\n                            <\/div>\n                                                    <\/div>\n\n                        \n                        <div class=\"dl-counter-title\">Working Hours<\/div>                    <\/div>\n                            <\/div>\n        <\/div><!-- .dl-counter-container -->\n        \t\t\t\t<\/div>\n\t\t\t\t<\/div>\n\t\t\t\t\t<\/div>\n\t\t<\/div>\n\t\t\t\t<div class=\"elementor-column elementor-col-25 elementor-inner-column elementor-element elementor-element-6a56493\" data-id=\"6a56493\" data-element_type=\"column\" data-e-type=\"column\">\n\t\t\t<div class=\"elementor-widget-wrap elementor-element-populated\">\n\t\t\t\t\t\t<div class=\"elementor-element elementor-element-df71808 elementor-widget elementor-widget-struqta_counter\" data-id=\"df71808\" data-element_type=\"widget\" data-e-type=\"widget\" data-widget_type=\"struqta_counter.default\">\n\t\t\t\t<div class=\"elementor-widget-container\">\n\t\t\t\t\t        <div class=\"dl-counter-container\">\n            <div class=\"dl-counter dl-counter-df71808 dl-counter-layout-1\" data-target=\".dl-counter-number-df71808\">\n                                                    <span class=\"dl-counter-icon-wrap\">\n                    <span class=\"dl-counter-icon\">\n                    <i aria-hidden=\"true\" class=\"dl dl-refinery\"><\/i>                    <\/span>\n                <\/span>\n                            \n                    <div class=\"dl-counter-number-title-wrap\">\n                        <div class=\"dl-counter-number-wrap\">\n                                                        <div class=\"dl-counter-number dl-counter-number-df71808\" data-to=\"3245\" data-speed=\"1500\">\n                                0\n                            <\/div>\n                                                    <\/div>\n\n                        \n                        <div class=\"dl-counter-title\">Meetings<\/div>                    <\/div>\n                            <\/div>\n        <\/div><!-- .dl-counter-container -->\n        \t\t\t\t<\/div>\n\t\t\t\t<\/div>\n\t\t\t\t\t<\/div>\n\t\t<\/div>\n\t\t\t\t\t<\/div>\n\t\t<\/section>\n\t\t\t\t\t<\/div>\n\t\t<\/div>\n\t\t\t\t\t<\/div>\n\t\t<\/section>\n\t\t\t\t<\/div>","protected":false},"excerpt":{"rendered":"<p>InfraKonsult Partneri juaj strategjik n\u00eb krijimin e infrastruktur\u00ebs q\u00eb mb\u00ebshtet komunitetet, nxit zhvillimin dhe p\u00ebrcakton t\u00eb ardhmen. \u201cInfraKonsult\u201d sh.pk \u00ebsht\u00eb nj\u00eb kompani konsulence inxhinierike n\u00eb Shqip\u00ebri e fokusuar n\u00eb infrastruktur\u00eb. Sh\u00ebrbimet e saj lidhen kryesisht me konsulenc\u00ebn dhe k\u00ebrkimin inxhinierik, duke p\u00ebrfshir\u00eb dokumentimin e projekteve teknike, deri n\u00eb faz\u00ebn p\u00ebrfundimtare inxhinierike, si dhe mbik\u00ebqyrjen e<\/p>","protected":false},"author":1,"featured_media":0,"parent":0,"menu_order":0,"comment_status":"closed","ping_status":"closed","template":"empty-template.php","meta":{"_acf_changed":false,"footnotes":""},"class_list":["post-343","page","type-page","status-publish","hentry"],"acf":[],"_links":{"self":[{"href":"https:\/\/infrakonsult.al\/en\/wp-json\/wp\/v2\/pages\/343","targetHints":{"allow":["GET"]}}],"collection":[{"href":"https:\/\/infrakonsult.al\/en\/wp-json\/wp\/v2\/pages"}],"about":[{"href":"https:\/\/infrakonsult.al\/en\/wp-json\/wp\/v2\/types\/page"}],"author":[{"embeddable":true,"href":"https:\/\/infrakonsult.al\/en\/wp-json\/wp\/v2\/users\/1"}],"replies":[{"embeddable":true,"href":"https:\/\/infrakonsult.al\/en\/wp-json\/wp\/v2\/comments?post=343"}],"version-history":[{"count":110,"href":"https:\/\/infrakonsult.al\/en\/wp-json\/wp\/v2\/pages\/343\/revisions"}],"predecessor-version":[{"id":3576,"href":"https:\/\/infrakonsult.al\/en\/wp-json\/wp\/v2\/pages\/343\/revisions\/3576"}],"wp:attachment":[{"href":"https:\/\/infrakonsult.al\/en\/wp-json\/wp\/v2\/media?parent=343"}],"curies":[{"name":"wp","href":"https:\/\/api.w.org\/{rel}","templated":true}]}}